{"id":264,"date":"2013-03-24T20:50:00","date_gmt":"2013-03-24T19:50:00","guid":{"rendered":"http:\/\/demo10.m3group.pl\/?page_id=264"},"modified":"2013-03-29T20:15:41","modified_gmt":"2013-03-29T19:15:41","slug":"blog","status":"publish","type":"page","link":"https:\/\/www.przystanzdrowia.pl\/?page_id=264","title":{"rendered":"Artyku\u0142y"},"content":{"rendered":"<ul class=\"lcp_catlist\" id=\"lcp_instance_0\"><li><a href=\"https:\/\/www.przystanzdrowia.pl\/?p=223\">Mas\u0142o kontra margaryna<\/a><div class=\"lcp_excerpt\">\nWok\u00f3\u0142 tego zagadnienia od wielu lat pojawiaj\u0105 si\u0119 niezliczone opinie i kontrowersje.\nNie jest do ko\u0144ca jasnym i jednoznacznym&#8230;, kt\u00f3ry z tych produkt\u00f3w jest zdrowszy i kt\u00f3ry nale\u017ca\u0142oby spo\u017cywa\u0107.\nPoznajmy zatem ich charakterystyk\u0119, aby nieco rozja\u015bni\u0107 pogl\u0105d w tej sprawie.\nMas\u0142o\nJest to produkt pochodzenia zwierz\u0119cego, powstaj\u0105cy w procesie ubijania \u015bmietany, kt\u00f3ra z kolei zosta\u0142a otrzymana z mleka krowiego. ...<\/div><\/li><li><a href=\"https:\/\/www.przystanzdrowia.pl\/?p=222\">Fast foody, cisi zab\u00f3jcy<\/a><div class=\"lcp_excerpt\">\n\u017byjemy coraz intensywniej, coraz wi\u0119cej pracujemy, a coraz mniej mamy czasu wolnego dla siebie. Wci\u0105\u017c si\u0119 gdzie\u015b \u015bpieszymy&#8230;, wszystkim si\u0119 stresujemy\u2026\nSpos\u00f3b od\u017cywiania staje si\u0119 odzwierciedleniem naszego stylu \u017cycia. Bardzo ch\u0119tnie si\u0119gamy po szybk\u0105 \u017cywno\u015b\u0107, zwan\u0105 z j\u0119zyka angielskiego \u201efast-food\u201d, niewymagaj\u0105c\u0105 praktycznie \u017cadnego przygotowania, kt\u00f3r\u0105 mo\u017cemy spo\u017cy\u0107 zaraz po kupieniu. Gyrosy, hamburgery, hot-dogi, zapiekanki, frytki, pizza, ...<\/div><\/li><li><a href=\"https:\/\/www.przystanzdrowia.pl\/?p=218\">Dieta cud, czyli dieta dr Dukana<\/a><div class=\"lcp_excerpt\">W dzisiejszych czasach coraz wi\u0119cej uwagi zaczynamy po\u015bwi\u0119ca\u0107 naszemu wizerunkowi i zdrowiu. Wi\u0119kszo\u015b\u0107 z nas pragnie&#8230; zachowa\u0107 m\u0142ody i szczup\u0142y wygl\u0105d. Temat diet i odchudzania sta\u0142 si\u0119 bardzo \u201emodny\u201d. Praktycznie we wszystkich mediach g\u0142o\u015bno jest o kolejnych \u201edietach dud\u201d, kt\u00f3re pozwol\u0105 nam zrzuci\u0107 zb\u0119dne kilogramy i uzyska\u0107 wymarzon\u0105 sylwetk\u0119. Informacji dociera do nas jednak tak ...<\/div><\/li><\/ul>\n","protected":false},"excerpt":{"rendered":"","protected":false},"author":1,"featured_media":0,"parent":0,"menu_order":0,"comment_status":"closed","ping_status":"closed","template":"","meta":{"ngg_post_thumbnail":0},"_links":{"self":[{"href":"https:\/\/www.przystanzdrowia.pl\/index.php?rest_route=\/wp\/v2\/pages\/264"}],"collection":[{"href":"https:\/\/www.przystanzdrowia.pl\/index.php?rest_route=\/wp\/v2\/pages"}],"about":[{"href":"https:\/\/www.przystanzdrowia.pl\/index.php?rest_route=\/wp\/v2\/types\/page"}],"author":[{"embeddable":true,"href":"https:\/\/www.przystanzdrowia.pl\/index.php?rest_route=\/wp\/v2\/users\/1"}],"replies":[{"embeddable":true,"href":"https:\/\/www.przystanzdrowia.pl\/index.php?rest_route=%2Fwp%2Fv2%2Fcomments&post=264"}],"version-history":[{"count":17,"href":"https:\/\/www.przystanzdrowia.pl\/index.php?rest_route=\/wp\/v2\/pages\/264\/revisions"}],"predecessor-version":[{"id":395,"href":"https:\/\/www.przystanzdrowia.pl\/index.php?rest_route=\/wp\/v2\/pages\/264\/revisions\/395"}],"wp:attachment":[{"href":"https:\/\/www.przystanzdrowia.pl\/index.php?rest_route=%2Fwp%2Fv2%2Fmedia&parent=264"}],"curies":[{"name":"wp","href":"https:\/\/api.w.org\/{rel}","templated":true}]}}