{"id":270,"date":"2013-03-24T20:42:38","date_gmt":"2013-03-24T19:42:38","guid":{"rendered":"http:\/\/demo10.m3group.pl\/?page_id=270"},"modified":"2013-03-30T00:40:13","modified_gmt":"2013-03-29T23:40:13","slug":"dlaczego-warto-skorzystac-z-moich-uslug","status":"publish","type":"page","link":"https:\/\/www.przystanzdrowia.pl\/?page_id=270","title":{"rendered":"Dlaczego warto skorzysta\u0107 z moich us\u0142ug?"},"content":{"rendered":"<div class=\"box line\"><\/div>\n<ul>\n<li>U\u0142o\u017c\u0119 program \u017cywieniowy dostosowany indywidualnie do Twoich potrzeb, uwzgl\u0119dniaj\u0105cy Twoje preferencje smakowe, gust kulinarny i styl \u017cycia.<\/li>\n<li>Diety, kt\u00f3re proponuj\u0119 s\u0105 zgodne z zasadami racjonalnego \u017cywienia. Nie stosuj\u0119 \u017cadnych suplement\u00f3w ani chemicznych preparat\u00f3w. Odchudzaj\u0105c si\u0119 ze mn\u0105 masz pewno\u015b\u0107, \u017ce zrzucaj\u0105c zb\u0119dne kilogramy robisz to<br \/>\nw zgodzie ze zdrowiem.<\/li>\n<li>Moja kuracja pozwoli Ci uzyska\u0107 d\u0142ugotrwa\u0142e efekty. Dzi\u0119ki racjonalizacji nawyk\u00f3w \u017cywieniowych zachowasz szczup\u0142\u0105 sylwetk\u0119 i zdrowie przez wiele lat. Unikniesz, tak bardzo niechcianego, a tak cz\u0119sto towarzysz\u0105cego procesowi odchudzania, efektu jo-jo.<\/li>\n<\/ul>\n","protected":false},"excerpt":{"rendered":"<p>U\u0142o\u017c\u0119 program \u017cywieniowy dostosowany indywidualnie do Twoich potrzeb, uwzgl\u0119dniaj\u0105cy Twoje preferencje smakowe, gust kulinarny i styl \u017cycia. Diety, kt\u00f3re proponuj\u0119 s\u0105 zgodne z zasadami racjonalnego \u017cywienia. Nie stosuj\u0119 \u017cadnych suplement\u00f3w ani chemicznych preparat\u00f3w. Odchudzaj\u0105c si\u0119 ze mn\u0105 masz pewno\u015b\u0107, \u017ce zrzucaj\u0105c zb\u0119dne kilogramy robisz to w zgodzie ze zdrowiem. Moja kuracja pozwoli Ci uzyska\u0107 d\u0142ugotrwa\u0142e [&hellip;]<\/p>\n","protected":false},"author":1,"featured_media":0,"parent":0,"menu_order":0,"comment_status":"closed","ping_status":"closed","template":"","meta":{"ngg_post_thumbnail":0},"_links":{"self":[{"href":"https:\/\/www.przystanzdrowia.pl\/index.php?rest_route=\/wp\/v2\/pages\/270"}],"collection":[{"href":"https:\/\/www.przystanzdrowia.pl\/index.php?rest_route=\/wp\/v2\/pages"}],"about":[{"href":"https:\/\/www.przystanzdrowia.pl\/index.php?rest_route=\/wp\/v2\/types\/page"}],"author":[{"embeddable":true,"href":"https:\/\/www.przystanzdrowia.pl\/index.php?rest_route=\/wp\/v2\/users\/1"}],"replies":[{"embeddable":true,"href":"https:\/\/www.przystanzdrowia.pl\/index.php?rest_route=%2Fwp%2Fv2%2Fcomments&post=270"}],"version-history":[{"count":8,"href":"https:\/\/www.przystanzdrowia.pl\/index.php?rest_route=\/wp\/v2\/pages\/270\/revisions"}],"predecessor-version":[{"id":448,"href":"https:\/\/www.przystanzdrowia.pl\/index.php?rest_route=\/wp\/v2\/pages\/270\/revisions\/448"}],"wp:attachment":[{"href":"https:\/\/www.przystanzdrowia.pl\/index.php?rest_route=%2Fwp%2Fv2%2Fmedia&parent=270"}],"curies":[{"name":"wp","href":"https:\/\/api.w.org\/{rel}","templated":true}]}}