{"id":272,"date":"2013-03-24T20:43:02","date_gmt":"2013-03-24T19:43:02","guid":{"rendered":"http:\/\/demo10.m3group.pl\/?page_id=272"},"modified":"2013-04-03T10:51:32","modified_gmt":"2013-04-03T09:51:32","slug":"przebieg-kuracji-odchudzajacej","status":"publish","type":"page","link":"https:\/\/www.przystanzdrowia.pl\/?page_id=272","title":{"rendered":"Przebieg kuracji odchudzaj\u0105cej"},"content":{"rendered":"<ul>\n<li><strong>Pierwsza wizyta<\/strong><br \/>\n&nbsp;<br \/>\n&#8211; Szczeg\u00f3\u0142owy wywiad \u017cywieniowy (obejmuj\u0105cy historie chor\u00f3b, analiz\u0119 wynik\u00f3w bada\u0144, nawyki \u017cywieniowe)<br \/>\n&#8211; Ocena sposobu \u017cywienia pacjenta<br \/>\n&#8211; Pomiary antropometryczne, analiza sk\u0142adu cia\u0142a<br \/>\n&#8211; Wyznaczenie realnego celu kuracji<\/li>\n<p>&nbsp;<\/p>\n<li><strong>Druga wizyta<\/strong><br \/>\n&nbsp;<br \/>\n&#8211; Przygotowanie indywidualnych zalece\u0144 dietetycznych i jad\u0142ospis\u00f3w<\/li>\n<p>&nbsp;<\/p>\n<li><strong>Okres redukcji pod opiek\u0105 dietetyka<\/strong><br \/>\n&nbsp;<br \/>\n&#8211; Wizyty kontrolne 1 raz w tygodniu, minimum przez okres 1 miesi\u0105ca<br \/>\n&#8211; Ocena stosowania si\u0119 do zalece\u0144<br \/>\n&#8211; Pomiary antropometryczne<br \/>\n&#8211; Ocena przebiegu procesu odchudzania<br \/>\n&#8211; Modyfikacja zalece\u0144 \u2013 w razie potrzeby<\/li>\n<p>&nbsp;<\/p>\n<li><strong>Okres stabilizacji pod opiek\u0105 dietetyka<\/strong><br \/>\n&nbsp;<br \/>\n&#8211; Wizyty kontrolne 1 raz w tygodniu &#8211; okres ten wynosi tyle samo co okres redukcji, a zatem minimum 1 miesi\u0105c<br \/>\n&#8211; Wydawanie zalece\u0144 stabilizacyjnych w 3 etapach<br \/>\n&#8211; Ocena stosowania si\u0119 do zalece\u0144<br \/>\n&#8211; Pomiary antropometryczne<br \/>\n&#8211; Ocena przebiegu procesu stabilizacji<br \/>\n&#8211; Modyfikacja zalece\u0144 \u2013 w razie potrzeby<br \/>\n&nbsp;<\/p>\n<ul>\n<span style=\"text-decoration: underline;\"><strong>Okres stabilizacji jest niezb\u0119dnym etapem kuracji odchudzaj\u0105cej.<br \/>\nDzi\u0119ki niemu pozb\u0119dziemy si\u0119 zb\u0119dnych kilogram\u00f3w na d\u0142ugi czas, unikniemy tak bardzo niechcianego, a tak cz\u0119sto towarzysz\u0105cego procesowi odchudzania, efektu jo-jo.<\/strong><\/span><\/li>\n<\/ul>\n","protected":false},"excerpt":{"rendered":"<p>Pierwsza wizyta &nbsp; &#8211; Szczeg\u00f3\u0142owy wywiad \u017cywieniowy (obejmuj\u0105cy historie chor\u00f3b, analiz\u0119 wynik\u00f3w bada\u0144, nawyki \u017cywieniowe) &#8211; Ocena sposobu \u017cywienia pacjenta &#8211; Pomiary antropometryczne, analiza sk\u0142adu cia\u0142a &#8211; Wyznaczenie realnego celu kuracji &nbsp; Druga wizyta &nbsp; &#8211; Przygotowanie indywidualnych zalece\u0144 dietetycznych i jad\u0142ospis\u00f3w &nbsp; Okres redukcji pod opiek\u0105 dietetyka &nbsp; &#8211; Wizyty kontrolne 1 raz w [&hellip;]<\/p>\n","protected":false},"author":1,"featured_media":0,"parent":0,"menu_order":0,"comment_status":"closed","ping_status":"closed","template":"","meta":{"ngg_post_thumbnail":0},"_links":{"self":[{"href":"https:\/\/www.przystanzdrowia.pl\/index.php?rest_route=\/wp\/v2\/pages\/272"}],"collection":[{"href":"https:\/\/www.przystanzdrowia.pl\/index.php?rest_route=\/wp\/v2\/pages"}],"about":[{"href":"https:\/\/www.przystanzdrowia.pl\/index.php?rest_route=\/wp\/v2\/types\/page"}],"author":[{"embeddable":true,"href":"https:\/\/www.przystanzdrowia.pl\/index.php?rest_route=\/wp\/v2\/users\/1"}],"replies":[{"embeddable":true,"href":"https:\/\/www.przystanzdrowia.pl\/index.php?rest_route=%2Fwp%2Fv2%2Fcomments&post=272"}],"version-history":[{"count":15,"href":"https:\/\/www.przystanzdrowia.pl\/index.php?rest_route=\/wp\/v2\/pages\/272\/revisions"}],"predecessor-version":[{"id":443,"href":"https:\/\/www.przystanzdrowia.pl\/index.php?rest_route=\/wp\/v2\/pages\/272\/revisions\/443"}],"wp:attachment":[{"href":"https:\/\/www.przystanzdrowia.pl\/index.php?rest_route=%2Fwp%2Fv2%2Fmedia&parent=272"}],"curies":[{"name":"wp","href":"https:\/\/api.w.org\/{rel}","templated":true}]}}