{"id":274,"date":"2013-03-24T20:43:23","date_gmt":"2013-03-24T19:43:23","guid":{"rendered":"http:\/\/demo10.m3group.pl\/?page_id=274"},"modified":"2013-04-03T10:14:21","modified_gmt":"2013-04-03T09:14:21","slug":"jak-przygotowac-sie-do-pierwszej-wizyty","status":"publish","type":"page","link":"https:\/\/www.przystanzdrowia.pl\/?page_id=274","title":{"rendered":"Jak przygotowa\u0107 si\u0119 do pierwszej wizyty?"},"content":{"rendered":"<p><strong>W celu odbycia pierwszej konsultacji dietetycznej nale\u017cy zastosowa\u0107 si\u0119 do nast\u0119puj\u0105cych uwag:<\/strong><\/p>\n<ul>\n<li>nie nale\u017cy nic je\u015b\u0107 ani pi\u0107 du\u017cej ilo\u015bci napoj\u00f3w minimum na 3 h przed wizyt\u0105<\/li>\n<li>w dniu wizyty nie nale\u017cy wykonywa\u0107 \u0107wicze\u0144 fizycznych<\/li>\n<li>nale\u017cy przynie\u015b\u0107 wszystkie posiadane wyniki bada\u0144, spis za\u017cywanych lek\u00f3w<\/li>\n<\/ul>\n","protected":false},"excerpt":{"rendered":"<p>W celu odbycia pierwszej konsultacji dietetycznej nale\u017cy zastosowa\u0107 si\u0119 do nast\u0119puj\u0105cych uwag: nie nale\u017cy nic je\u015b\u0107 ani pi\u0107 du\u017cej ilo\u015bci napoj\u00f3w minimum na 3 h przed wizyt\u0105 w dniu wizyty nie nale\u017cy wykonywa\u0107 \u0107wicze\u0144 fizycznych nale\u017cy przynie\u015b\u0107 wszystkie posiadane wyniki bada\u0144, spis za\u017cywanych lek\u00f3w<\/p>\n","protected":false},"author":1,"featured_media":0,"parent":0,"menu_order":0,"comment_status":"closed","ping_status":"closed","template":"","meta":{"ngg_post_thumbnail":0},"_links":{"self":[{"href":"https:\/\/www.przystanzdrowia.pl\/index.php?rest_route=\/wp\/v2\/pages\/274"}],"collection":[{"href":"https:\/\/www.przystanzdrowia.pl\/index.php?rest_route=\/wp\/v2\/pages"}],"about":[{"href":"https:\/\/www.przystanzdrowia.pl\/index.php?rest_route=\/wp\/v2\/types\/page"}],"author":[{"embeddable":true,"href":"https:\/\/www.przystanzdrowia.pl\/index.php?rest_route=\/wp\/v2\/users\/1"}],"replies":[{"embeddable":true,"href":"https:\/\/www.przystanzdrowia.pl\/index.php?rest_route=%2Fwp%2Fv2%2Fcomments&post=274"}],"version-history":[{"count":14,"href":"https:\/\/www.przystanzdrowia.pl\/index.php?rest_route=\/wp\/v2\/pages\/274\/revisions"}],"predecessor-version":[{"id":398,"href":"https:\/\/www.przystanzdrowia.pl\/index.php?rest_route=\/wp\/v2\/pages\/274\/revisions\/398"}],"wp:attachment":[{"href":"https:\/\/www.przystanzdrowia.pl\/index.php?rest_route=%2Fwp%2Fv2%2Fmedia&parent=274"}],"curies":[{"name":"wp","href":"https:\/\/api.w.org\/{rel}","templated":true}]}}