{"id":276,"date":"2013-03-24T20:43:43","date_gmt":"2013-03-24T19:43:43","guid":{"rendered":"http:\/\/demo10.m3group.pl\/?page_id=276"},"modified":"2013-04-03T10:59:43","modified_gmt":"2013-04-03T09:59:43","slug":"rodzaje-kuracji-i-diet","status":"publish","type":"page","link":"https:\/\/www.przystanzdrowia.pl\/?page_id=276","title":{"rendered":"Rodzaje kuracji i diet"},"content":{"rendered":"<ul>\n<li><strong>Kuracja odchudzaj\u0105ca<\/strong><br \/>\n&nbsp;<br \/>\nSkierowana do os\u00f3b z nadwag\u0105 lub oty\u0142o\u015bci\u0105 oraz wszystkich, kt\u00f3rzy pragn\u0105 wymodelowa\u0107 swoj\u0105 sylwetk\u0119<\/li>\n<\/ul>\n<ul>\n<li><strong>Diety zdrowotne:<\/strong><\/li>\n<p>\t<strong>&#8211; Dieta w schorzeniach<\/strong><br \/>\nStosowana w profilaktyce i leczeniu chor\u00f3b dietozale\u017cnych (np. cukrzycy, mia\u017cd\u017cycy) oraz alergii pokarmowych<\/p>\n<p>\t<strong>&#8211; Dieta dla dzieci, kobiet ci\u0119\u017carnych i karmi\u0105cych oraz os\u00f3b starszych<\/strong><br \/>\nMa na celu dostosowanie sposobu od\u017cywiania odpowiednio do wieku i stanu fizjologicznego<\/p>\n<p>\t<strong>&#8211; Dieta \u201ePrzysta\u0144 na zdrowie\u201d<\/strong><br \/>\nAdresowana do os\u00f3b, kt\u00f3re chc\u0105 zmieni\u0107 swoje nawyki \u017cywieniowych i \u017cy\u0107 zdrowo\n<\/ul>\n","protected":false},"excerpt":{"rendered":"<p>Kuracja odchudzaj\u0105ca &nbsp; Skierowana do os\u00f3b z nadwag\u0105 lub oty\u0142o\u015bci\u0105 oraz wszystkich, kt\u00f3rzy pragn\u0105 wymodelowa\u0107 swoj\u0105 sylwetk\u0119 Diety zdrowotne: &#8211; Dieta w schorzeniach Stosowana w profilaktyce i leczeniu chor\u00f3b dietozale\u017cnych (np. cukrzycy, mia\u017cd\u017cycy) oraz alergii pokarmowych &#8211; Dieta dla dzieci, kobiet ci\u0119\u017carnych i karmi\u0105cych oraz os\u00f3b starszych Ma na celu dostosowanie sposobu od\u017cywiania odpowiednio do [&hellip;]<\/p>\n","protected":false},"author":1,"featured_media":0,"parent":0,"menu_order":0,"comment_status":"closed","ping_status":"closed","template":"","meta":{"ngg_post_thumbnail":0},"_links":{"self":[{"href":"https:\/\/www.przystanzdrowia.pl\/index.php?rest_route=\/wp\/v2\/pages\/276"}],"collection":[{"href":"https:\/\/www.przystanzdrowia.pl\/index.php?rest_route=\/wp\/v2\/pages"}],"about":[{"href":"https:\/\/www.przystanzdrowia.pl\/index.php?rest_route=\/wp\/v2\/types\/page"}],"author":[{"embeddable":true,"href":"https:\/\/www.przystanzdrowia.pl\/index.php?rest_route=\/wp\/v2\/users\/1"}],"replies":[{"embeddable":true,"href":"https:\/\/www.przystanzdrowia.pl\/index.php?rest_route=%2Fwp%2Fv2%2Fcomments&post=276"}],"version-history":[{"count":17,"href":"https:\/\/www.przystanzdrowia.pl\/index.php?rest_route=\/wp\/v2\/pages\/276\/revisions"}],"predecessor-version":[{"id":493,"href":"https:\/\/www.przystanzdrowia.pl\/index.php?rest_route=\/wp\/v2\/pages\/276\/revisions\/493"}],"wp:attachment":[{"href":"https:\/\/www.przystanzdrowia.pl\/index.php?rest_route=%2Fwp%2Fv2%2Fmedia&parent=276"}],"curies":[{"name":"wp","href":"https:\/\/api.w.org\/{rel}","templated":true}]}}