{"id":48,"date":"2008-09-17T16:53:25","date_gmt":"2008-09-17T21:53:25","guid":{"rendered":"http:\/\/dev.wpcoder.com\/dan\/wordpress\/?page_id=2"},"modified":"2021-09-21T09:30:39","modified_gmt":"2021-09-21T08:30:39","slug":"about-2","status":"publish","type":"page","link":"https:\/\/www.przystanzdrowia.pl\/?page_id=48","title":{"rendered":"O mnie"},"content":{"rendered":"<div class=\"box line\"><\/div>\n<p class=\"fleft\"><img loading=\"lazy\" class=\"alignnone size-full wp-image-232 colorbox-48\" alt=\"\" src=\"http:\/\/www.przystanzdrowia.pl\/wp-content\/uploads\/2008\/09\/IMG_8379-kopia.jpg\" width=\"200\" height=\"300\" \/><\/p>\n<h3>Mgr in\u017c. Paulina Barska<\/h3>\n<p>&#8211; dietetyk, absolwentka Uniwersytetu Przyrodniczego we Wroc\u0142awiu kierunku Technologia \u017bywno\u015bci w specjalizacji \u017bywienie Cz\u0142owieka Zdrowego i Chorego.<\/p>\n<p>Do\u015bwiadczenie zawodowe zdoby\u0142am ju\u017c w trakcie studi\u00f3w dzi\u0119ki praktykom w Dolno\u015bl\u0105skim Centrum Chor\u00f3b P\u0142uc oraz w jednym z wroc\u0142awskich \u017c\u0142obk\u00f3w.<\/p>\n<p>Praca w Poradni Dietetycznej w Opolu da\u0142a mi mo\u017cliwo\u015b\u0107 dalszego rozwoju zawodowego. Pomaga\u0142am pacjentom w r\u00f3\u017cnym wieku, z r\u00f3\u017cnymi problemami i schorzeniami dietozale\u017cnymi.<\/p>\n<p>Swoj\u0105 wiedz\u0119 pog\u0142\u0119biam dzi\u0119ki udzia\u0142owi w konferencjach dotycz\u0105cych oty\u0142o\u015bci oraz innych chor\u00f3b metabolicznych, mi\u0119dzy innymi w Konferencji Naukowej \u017bYWIENIE ZDROWIE I CHOROBY.<\/p>\n<p>Dietetyka to nie tylko moja praca zawodowa, ale przede wszystkim wielka pasja. Pragn\u0119 dzieli\u0107 si\u0119 ni\u0105 z innymi i zaszczepia\u0107 w nich zapa\u0142 do zdrowego stylu \u017cycia. Chc\u0119 tak\u017ce pomaga\u0107 ludziom chorym, gdzie kluczowym elementem leczniczym jest odpowiednio dobrana i zbilansowana dieta. St\u0105d te\u017c za\u0142o\u017cy\u0142am\u00a0Poradni\u0119 Dietetyczn\u0105 Przysta\u0144 Zdrowia.<\/p>\n<p>Moj\u0105 wiedz\u0119 i do\u015bwiadczenie zawodowe staram si\u0119 wykorzystywa\u0107 w moim codziennym \u017cyciu. W wolnych chwilach ucz\u0119szczam na zaj\u0119cia taneczne, fitness, je\u017cd\u017c\u0119 na rowerze i nartach. Prowadz\u0119 na co dzie\u0144 zdrow\u0105 i smaczn\u0105 kuchni\u0119.<\/p>\n<p>&nbsp;<\/p>\n<h3>Dyplomy i certyfikaty<\/h3>\n<!-- default-view.php -->\n<div\n\tclass=\"ngg-galleryoverview default-view \"\n\tid=\"ngg-gallery-34216aef63b41f557c2daeacfc330ac2-1\">\n\n\t\t<!-- Thumbnails -->\n\t\t\t\t<div id=\"ngg-image-0\" class=\"ngg-gallery-thumbnail-box \" >\n\t\t\t\t        <div class=\"ngg-gallery-thumbnail\">\n            <a href=\"https:\/\/www.przystanzdrowia.pl\/wp-content\/gallery\/dyplomy\/dyplon-tz.jpg\"\n               title=\"\"\n               data-src=\"https:\/\/www.przystanzdrowia.pl\/wp-content\/gallery\/dyplomy\/dyplon-tz.jpg\"\n               data-thumbnail=\"https:\/\/www.przystanzdrowia.pl\/wp-content\/gallery\/dyplomy\/thumbs\/thumbs_dyplon-tz.jpg\"\n               data-image-id=\"6\"\n               data-title=\"dyplon-tz\"\n               data-description=\"\"\n               data-image-slug=\"image\"\n               >\n                <img class=\"colorbox-48\" \n                    title=\"dyplon-tz\"\n                    alt=\"dyplon-tz\"\n                    src=\"https:\/\/www.przystanzdrowia.pl\/wp-content\/gallery\/dyplomy\/thumbs\/thumbs_dyplon-tz.jpg\"\n                    width=\"180\"\n                    height=\"135\"\n                    style=\"max-width:100%;\"\n                \/>\n            <\/a>\n        <\/div>\n\t\t\t\t\t\t\t<\/div> \n\t\t\t\n\t\t\t\t<div id=\"ngg-image-1\" class=\"ngg-gallery-thumbnail-box \" >\n\t\t\t\t        <div class=\"ngg-gallery-thumbnail\">\n            <a href=\"https:\/\/www.przystanzdrowia.pl\/wp-content\/gallery\/dyplomy\/prelekcja-borowa.jpg\"\n               title=\"\"\n               data-src=\"https:\/\/www.przystanzdrowia.pl\/wp-content\/gallery\/dyplomy\/prelekcja-borowa.jpg\"\n               data-thumbnail=\"https:\/\/www.przystanzdrowia.pl\/wp-content\/gallery\/dyplomy\/thumbs\/thumbs_prelekcja-borowa.jpg\"\n               data-image-id=\"5\"\n               data-title=\"prelekcja-borowa\"\n               data-description=\"\"\n               data-image-slug=\"image-2\"\n               >\n                <img class=\"colorbox-48\" \n                    title=\"prelekcja-borowa\"\n                    alt=\"prelekcja-borowa\"\n                    src=\"https:\/\/www.przystanzdrowia.pl\/wp-content\/gallery\/dyplomy\/thumbs\/thumbs_prelekcja-borowa.jpg\"\n                    width=\"180\"\n                    height=\"135\"\n                    style=\"max-width:100%;\"\n                \/>\n            <\/a>\n        <\/div>\n\t\t\t\t\t\t\t<\/div> \n\t\t\t\n\t\t\t\t<div id=\"ngg-image-2\" class=\"ngg-gallery-thumbnail-box \" >\n\t\t\t\t        <div class=\"ngg-gallery-thumbnail\">\n            <a href=\"https:\/\/www.przystanzdrowia.pl\/wp-content\/gallery\/dyplomy\/konferencja-2012.jpg\"\n               title=\"\"\n               data-src=\"https:\/\/www.przystanzdrowia.pl\/wp-content\/gallery\/dyplomy\/konferencja-2012.jpg\"\n               data-thumbnail=\"https:\/\/www.przystanzdrowia.pl\/wp-content\/gallery\/dyplomy\/thumbs\/thumbs_konferencja-2012.jpg\"\n               data-image-id=\"4\"\n               data-title=\"konferencja-2012\"\n               data-description=\"\"\n               data-image-slug=\"image-3\"\n               >\n                <img class=\"colorbox-48\" \n                    title=\"konferencja-2012\"\n                    alt=\"konferencja-2012\"\n                    src=\"https:\/\/www.przystanzdrowia.pl\/wp-content\/gallery\/dyplomy\/thumbs\/thumbs_konferencja-2012.jpg\"\n                    width=\"180\"\n                    height=\"135\"\n                    style=\"max-width:100%;\"\n                \/>\n            <\/a>\n        <\/div>\n\t\t\t\t\t\t\t<\/div> \n\t\t\t\n\t\t\t\t<div id=\"ngg-image-3\" class=\"ngg-gallery-thumbnail-box \" >\n\t\t\t\t        <div class=\"ngg-gallery-thumbnail\">\n            <a href=\"https:\/\/www.przystanzdrowia.pl\/wp-content\/gallery\/dyplomy\/konferencja-2010.jpg\"\n               title=\"\"\n               data-src=\"https:\/\/www.przystanzdrowia.pl\/wp-content\/gallery\/dyplomy\/konferencja-2010.jpg\"\n               data-thumbnail=\"https:\/\/www.przystanzdrowia.pl\/wp-content\/gallery\/dyplomy\/thumbs\/thumbs_konferencja-2010.jpg\"\n               data-image-id=\"3\"\n               data-title=\"konferencja-2010\"\n               data-description=\"\"\n               data-image-slug=\"image-4\"\n               >\n                <img class=\"colorbox-48\" \n                    title=\"konferencja-2010\"\n                    alt=\"konferencja-2010\"\n                    src=\"https:\/\/www.przystanzdrowia.pl\/wp-content\/gallery\/dyplomy\/thumbs\/thumbs_konferencja-2010.jpg\"\n                    width=\"180\"\n                    height=\"135\"\n                    style=\"max-width:100%;\"\n                \/>\n            <\/a>\n        <\/div>\n\t\t\t\t\t\t\t<\/div> \n\t\t\t\n\t\t\t\t<div id=\"ngg-image-4\" class=\"ngg-gallery-thumbnail-box \" >\n\t\t\t\t        <div class=\"ngg-gallery-thumbnail\">\n            <a href=\"https:\/\/www.przystanzdrowia.pl\/wp-content\/gallery\/dyplomy\/dyplon-zzl.jpg\"\n               title=\"\"\n               data-src=\"https:\/\/www.przystanzdrowia.pl\/wp-content\/gallery\/dyplomy\/dyplon-zzl.jpg\"\n               data-thumbnail=\"https:\/\/www.przystanzdrowia.pl\/wp-content\/gallery\/dyplomy\/thumbs\/thumbs_dyplon-zzl.jpg\"\n               data-image-id=\"2\"\n               data-title=\"dyplon-zzl\"\n               data-description=\"\"\n               data-image-slug=\"image-5\"\n               >\n                <img class=\"colorbox-48\" \n                    title=\"dyplon-zzl\"\n                    alt=\"dyplon-zzl\"\n                    src=\"https:\/\/www.przystanzdrowia.pl\/wp-content\/gallery\/dyplomy\/thumbs\/thumbs_dyplon-zzl.jpg\"\n                    width=\"180\"\n                    height=\"135\"\n                    style=\"max-width:100%;\"\n                \/>\n            <\/a>\n        <\/div>\n\t\t\t\t\t\t\t<\/div> \n\t\t\t\n\t\n\t<br style=\"clear: both\" \/>\n\n\t\n\t\t<!-- Pagination -->\n\t<div class='ngg-clear'><\/div>\t<\/div>\n\n","protected":false},"excerpt":{"rendered":"<p>Mgr in\u017c. Paulina Barska &#8211; dietetyk, absolwentka Uniwersytetu Przyrodniczego we Wroc\u0142awiu kierunku Technologia \u017bywno\u015bci w specjalizacji \u017bywienie Cz\u0142owieka Zdrowego i Chorego. Do\u015bwiadczenie zawodowe zdoby\u0142am ju\u017c w trakcie studi\u00f3w dzi\u0119ki praktykom w Dolno\u015bl\u0105skim Centrum Chor\u00f3b P\u0142uc oraz w jednym z wroc\u0142awskich \u017c\u0142obk\u00f3w. Praca w Poradni Dietetycznej w Opolu da\u0142a mi mo\u017cliwo\u015b\u0107 dalszego rozwoju zawodowego. Pomaga\u0142am pacjentom [&hellip;]<\/p>\n","protected":false},"author":1,"featured_media":0,"parent":0,"menu_order":0,"comment_status":"open","ping_status":"open","template":"","meta":{"ngg_post_thumbnail":0},"_links":{"self":[{"href":"https:\/\/www.przystanzdrowia.pl\/index.php?rest_route=\/wp\/v2\/pages\/48"}],"collection":[{"href":"https:\/\/www.przystanzdrowia.pl\/index.php?rest_route=\/wp\/v2\/pages"}],"about":[{"href":"https:\/\/www.przystanzdrowia.pl\/index.php?rest_route=\/wp\/v2\/types\/page"}],"author":[{"embeddable":true,"href":"https:\/\/www.przystanzdrowia.pl\/index.php?rest_route=\/wp\/v2\/users\/1"}],"replies":[{"embeddable":true,"href":"https:\/\/www.przystanzdrowia.pl\/index.php?rest_route=%2Fwp%2Fv2%2Fcomments&post=48"}],"version-history":[{"count":14,"href":"https:\/\/www.przystanzdrowia.pl\/index.php?rest_route=\/wp\/v2\/pages\/48\/revisions"}],"predecessor-version":[{"id":541,"href":"https:\/\/www.przystanzdrowia.pl\/index.php?rest_route=\/wp\/v2\/pages\/48\/revisions\/541"}],"wp:attachment":[{"href":"https:\/\/www.przystanzdrowia.pl\/index.php?rest_route=%2Fwp%2Fv2%2Fmedia&parent=48"}],"curies":[{"name":"wp","href":"https:\/\/api.w.org\/{rel}","templated":true}]}}